{"id":7,"date":"2026-04-22T13:29:01","date_gmt":"2026-04-22T13:29:01","guid":{"rendered":"https:\/\/lp-dev.rank-agence.com\/?page_id=7"},"modified":"2026-04-23T05:51:30","modified_gmt":"2026-04-23T07:51:30","slug":"home-page","status":"publish","type":"page","link":"https:\/\/lpautoservice.be\/","title":{"rendered":"Garage automobile \u00e0 Libramont | LP Auto Service"},"content":{"rendered":"\t\t<div data-elementor-type=\"wp-post\" data-elementor-id=\"7\" class=\"elementor elementor-7\" data-elementor-post-type=\"page\">\n\t\t\t\t<div class=\"elementor-element elementor-element-e3c9536 e-flex e-con-boxed e-con e-parent\" data-id=\"e3c9536\" data-element_type=\"container\" data-e-type=\"container\">\n\t\t\t\t\t<div class=\"e-con-inner\">\n\t\t\t\t<div class=\"elementor-element elementor-element-b6fe7a8 elementor-widget__width-initial elementor-widget elementor-widget-image\" data-id=\"b6fe7a8\" data-element_type=\"widget\" data-e-type=\"widget\" data-widget_type=\"image.default\">\n\t\t\t\t\t\t\t\t\t\t\t\t\t\t\t<img fetchpriority=\"high\" decoding=\"async\" width=\"768\" height=\"483\" src=\"https:\/\/lpautoservice.be\/wp-content\/uploads\/2026\/04\/logo-garage-lp-auto-service-libramont-768x483.png\" class=\"attachment-medium_large size-medium_large wp-image-9\" alt=\"Logo LP Auto Service - Garage entretien et r\u00e9paration automobile \u00e0 Libramont et alentours\" srcset=\"https:\/\/lpautoservice.be\/wp-content\/uploads\/2026\/04\/logo-garage-lp-auto-service-libramont-768x483.png 768w, https:\/\/lpautoservice.be\/wp-content\/uploads\/2026\/04\/logo-garage-lp-auto-service-libramont-300x189.png 300w, https:\/\/lpautoservice.be\/wp-content\/uploads\/2026\/04\/logo-garage-lp-auto-service-libramont-1024x644.png 1024w, https:\/\/lpautoservice.be\/wp-content\/uploads\/2026\/04\/logo-garage-lp-auto-service-libramont-1536x967.png 1536w, https:\/\/lpautoservice.be\/wp-content\/uploads\/2026\/04\/logo-garage-lp-auto-service-libramont.png 1694w\" sizes=\"(max-width: 768px) 100vw, 768px\" \/>\t\t\t\t\t\t\t\t\t\t\t\t\t\t\t<\/div>\n\t\t\t\t<div class=\"elementor-element elementor-element-ef3a54b elementor-arrows-position-inside elementor-pagination-position-outside elementor-widget elementor-widget-image-carousel\" data-id=\"ef3a54b\" data-element_type=\"widget\" data-e-type=\"widget\" data-settings=\"{&quot;navigation&quot;:&quot;both&quot;,&quot;autoplay&quot;:&quot;yes&quot;,&quot;pause_on_hover&quot;:&quot;yes&quot;,&quot;pause_on_interaction&quot;:&quot;yes&quot;,&quot;autoplay_speed&quot;:5000,&quot;infinite&quot;:&quot;yes&quot;,&quot;speed&quot;:500}\" data-widget_type=\"image-carousel.default\">\n\t\t\t\t\t\t\t<div class=\"elementor-image-carousel-wrapper swiper\" role=\"region\" aria-roledescription=\"carousel\" aria-label=\"Image Carousel\" dir=\"ltr\">\n\t\t\t<div class=\"elementor-image-carousel swiper-wrapper\" aria-live=\"off\">\n\t\t\t\t\t\t\t\t<div class=\"swiper-slide\" role=\"group\" aria-roledescription=\"slide\" aria-label=\"1 of 3\"><figure class=\"swiper-slide-inner\"><img decoding=\"async\" class=\"swiper-slide-image\" src=\"https:\/\/lpautoservice.be\/wp-content\/uploads\/2026\/04\/reparation-moteur-garage-lp-auto-libramont-768x512.jpeg\" alt=\"M\u00e9canicien effectuant une r\u00e9paration sur un moteur de voiture\" \/><\/figure><\/div><div class=\"swiper-slide\" role=\"group\" aria-roledescription=\"slide\" aria-label=\"2 of 3\"><figure class=\"swiper-slide-inner\"><img decoding=\"async\" class=\"swiper-slide-image\" src=\"https:\/\/lpautoservice.be\/wp-content\/uploads\/2026\/04\/peinture-automobile-cabine-garage-lp-auto-libramont-768x513.jpeg\" alt=\"Technicien pon\u00e7ant la carrosserie d&#039;un v\u00e9hicule avec une ponceuse orbitale\" \/><\/figure><\/div><div class=\"swiper-slide\" role=\"group\" aria-roledescription=\"slide\" aria-label=\"3 of 3\"><figure class=\"swiper-slide-inner\"><img decoding=\"async\" class=\"swiper-slide-image\" src=\"https:\/\/lpautoservice.be\/wp-content\/uploads\/2026\/04\/poncage-carrosserie-garage-lp-auto-libramont-768x512.jpeg\" alt=\"Technicien en combinaison appliquant de la peinture sur une voiture rouge en cabine de peinture\" \/><\/figure><\/div>\t\t\t<\/div>\n\t\t\t\t\t\t\t\t\t\t\t\t<div class=\"elementor-swiper-button elementor-swiper-button-prev\" role=\"button\" tabindex=\"0\">\n\t\t\t\t\t\t<svg aria-hidden=\"true\" class=\"e-font-icon-svg e-eicon-chevron-left\" viewBox=\"0 0 1000 1000\" xmlns=\"http:\/\/www.w3.org\/2000\/svg\"><path d=\"M646 125C629 125 613 133 604 142L308 442C296 454 292 471 292 487 292 504 296 521 308 533L604 854C617 867 629 875 646 875 663 875 679 871 692 858 704 846 713 829 713 812 713 796 708 779 692 767L438 487 692 225C700 217 708 204 708 187 708 171 704 154 692 142 675 129 663 125 646 125Z\"><\/path><\/svg>\t\t\t\t\t<\/div>\n\t\t\t\t\t<div class=\"elementor-swiper-button elementor-swiper-button-next\" role=\"button\" tabindex=\"0\">\n\t\t\t\t\t\t<svg aria-hidden=\"true\" class=\"e-font-icon-svg e-eicon-chevron-right\" viewBox=\"0 0 1000 1000\" xmlns=\"http:\/\/www.w3.org\/2000\/svg\"><path d=\"M696 533C708 521 713 504 713 487 713 471 708 454 696 446L400 146C388 133 375 125 354 125 338 125 325 129 313 142 300 154 292 171 292 187 292 204 296 221 308 233L563 492 304 771C292 783 288 800 288 817 288 833 296 850 308 863 321 871 338 875 354 875 371 875 388 867 400 854L696 533Z\"><\/path><\/svg>\t\t\t\t\t<\/div>\n\t\t\t\t\n\t\t\t\t\t\t\t\t\t<div class=\"swiper-pagination\"><\/div>\n\t\t\t\t\t\t\t\t\t<\/div>\n\t\t\t\t\t\t<\/div>\n\t\t\t\t<div class=\"elementor-element elementor-element-1cd4c2d elementor-widget elementor-widget-google_maps\" data-id=\"1cd4c2d\" data-element_type=\"widget\" data-e-type=\"widget\" data-widget_type=\"google_maps.default\">\n\t\t\t\t\t\t\t<div class=\"elementor-custom-embed\">\n\t\t\t<iframe loading=\"lazy\"\n\t\t\t\t\tsrc=\"https:\/\/maps.google.com\/maps?q=LP%20auto%2C%20Rue%20du%20Serpont%2C%20133%206800%20Libramont-Chevigny%2C%20Belgique&#038;t=m&#038;z=13&#038;output=embed&#038;iwloc=near\"\n\t\t\t\t\ttitle=\"LP auto, Rue du Serpont, 133 6800 Libramont-Chevigny, Belgique\"\n\t\t\t\t\taria-label=\"LP auto, Rue du Serpont, 133 6800 Libramont-Chevigny, Belgique\"\n\t\t\t><\/iframe>\n\t\t<\/div>\n\t\t\t\t\t\t<\/div>\n\t\t\t\t\t<\/div>\n\t\t\t\t<\/div>\n\t\t<div class=\"elementor-element elementor-element-2fd4c9a e-flex e-con-boxed e-con e-parent\" data-id=\"2fd4c9a\" data-element_type=\"container\" data-e-type=\"container\">\n\t\t\t\t\t<div class=\"e-con-inner\">\n\t\t<div class=\"elementor-element elementor-element-df09b57 e-con-full e-flex e-con e-child\" data-id=\"df09b57\" data-element_type=\"container\" data-e-type=\"container\">\n\t\t\t\t<div class=\"elementor-element elementor-element-705bf67 elementor-widget__width-initial elementor-widget elementor-widget-text-editor\" data-id=\"705bf67\" data-element_type=\"widget\" data-e-type=\"widget\" data-widget_type=\"text-editor.default\">\n\t\t\t\t\t\t\t\t\t<h2>Informations<\/h2><p>\ud83d\udccd\u00a0 Rue du Serpont, 133 6800 Libramont-Chevigny, Belgique<br \/><a href=\"mailto:info@lpautoservice.be\">\ud83d\udce7\u00a0 info@lpautoservice.be<\/a><br \/><a href=\"tel:+3261329633\">\ud83d\udcde\u00a0 + 32 (0) 61 32 96 33<\/a><\/p><h3>Horaires d&#8217;ouverture<\/h3><p>Lundi: 09:00 \u2013 12:00 \/ 13:00 \u2013 18:00<br \/>Mardi: 08:00 \u2013 12:00 \/ 13:00 \u2013 18:00<br \/>Mercredi: 08:00 \u2013 12:00 \/ 13:00 \u2013 18:00<br \/>Jeudi: 08:00 \u2013 12:00 \/ 13:00 \u2013 18:00<br \/>Vendredi: 08:00 \u2013 12:00 \/ 13:00 \u2013 18:00<br \/>Samedi: 09:00 \u2013 12:00<\/p><h3>Rejoignez-nous sur Facebook<\/h3><p><a href=\"https:\/\/www.facebook.com\/loganpicart\">LP Auto Service<\/a><\/p>\t\t\t\t\t\t\t\t<\/div>\n\t\t\t\t<\/div>\n\t\t<div class=\"elementor-element elementor-element-8c6c1fc e-con-full e-flex e-con e-child\" data-id=\"8c6c1fc\" data-element_type=\"container\" data-e-type=\"container\">\n\t\t\t\t<div class=\"elementor-element elementor-element-fac619a elementor-button-align-stretch elementor-widget elementor-widget-form\" data-id=\"fac619a\" data-element_type=\"widget\" data-e-type=\"widget\" data-settings=\"{&quot;step_next_label&quot;:&quot;Next&quot;,&quot;step_previous_label&quot;:&quot;Previous&quot;,&quot;button_width&quot;:&quot;100&quot;,&quot;step_type&quot;:&quot;number_text&quot;,&quot;step_icon_shape&quot;:&quot;circle&quot;}\" data-widget_type=\"form.default\">\n\t\t\t\t\t\t\t<form class=\"elementor-form\" method=\"post\" name=\"New Form\" aria-label=\"New Form\">\n\t\t\t<input type=\"hidden\" name=\"post_id\" value=\"7\"\/>\n\t\t\t<input type=\"hidden\" name=\"form_id\" value=\"fac619a\"\/>\n\t\t\t<input type=\"hidden\" name=\"referer_title\" value=\"\" \/>\n\n\t\t\t\t\t\t\t<input type=\"hidden\" name=\"queried_id\" value=\"7\"\/>\n\t\t\t\n\t\t\t<div class=\"elementor-form-fields-wrapper elementor-labels-above\">\n\t\t\t\t\t\t\t\t<div class=\"elementor-field-type-text elementor-field-group elementor-column elementor-field-group-name elementor-col-100\">\n\t\t\t\t\t\t\t\t\t\t\t\t<label for=\"form-field-name\" class=\"elementor-field-label\">\n\t\t\t\t\t\t\t\tVotre nom\t\t\t\t\t\t\t<\/label>\n\t\t\t\t\t\t\t\t\t\t\t\t\t\t<input size=\"1\" type=\"text\" name=\"form_fields[name]\" id=\"form-field-name\" class=\"elementor-field elementor-size-sm  elementor-field-textual\">\n\t\t\t\t\t\t\t\t\t\t\t<\/div>\n\t\t\t\t\t\t\t\t<div class=\"elementor-field-type-email elementor-field-group elementor-column elementor-field-group-email elementor-col-100 elementor-field-required elementor-mark-required\">\n\t\t\t\t\t\t\t\t\t\t\t\t<label for=\"form-field-email\" class=\"elementor-field-label\">\n\t\t\t\t\t\t\t\tVotre e-mail\t\t\t\t\t\t\t<\/label>\n\t\t\t\t\t\t\t\t\t\t\t\t\t\t<input size=\"1\" type=\"email\" name=\"form_fields[email]\" id=\"form-field-email\" class=\"elementor-field elementor-size-sm  elementor-field-textual\" required=\"required\">\n\t\t\t\t\t\t\t\t\t\t\t<\/div>\n\t\t\t\t\t\t\t\t<div class=\"elementor-field-type-textarea elementor-field-group elementor-column elementor-field-group-message elementor-col-100 elementor-field-required elementor-mark-required\">\n\t\t\t\t\t\t\t\t\t\t\t\t<label for=\"form-field-message\" class=\"elementor-field-label\">\n\t\t\t\t\t\t\t\tVotre message\t\t\t\t\t\t\t<\/label>\n\t\t\t\t\t\t<textarea class=\"elementor-field-textual elementor-field  elementor-size-sm\" name=\"form_fields[message]\" id=\"form-field-message\" rows=\"4\" required=\"required\"><\/textarea>\t\t\t\t<\/div>\n\t\t\t\t\t\t\t\t<div class=\"elementor-field-group elementor-column elementor-field-type-submit elementor-col-100 e-form__buttons\">\n\t\t\t\t\t<button class=\"elementor-button elementor-size-sm\" type=\"submit\">\n\t\t\t\t\t\t<span class=\"elementor-button-content-wrapper\">\n\t\t\t\t\t\t\t\t\t\t\t\t\t\t\t\t\t\t\t\t\t\t<span class=\"elementor-button-text\">Envoyer<\/span>\n\t\t\t\t\t\t\t\t\t\t\t\t\t<\/span>\n\t\t\t\t\t<\/button>\n\t\t\t\t<\/div>\n\t\t\t<\/div>\n\t\t<\/form>\n\t\t\t\t\t\t<\/div>\n\t\t\t\t<\/div>\n\t\t\t\t\t<\/div>\n\t\t\t\t<\/div>\n\t\t\t\t<\/div>\n\t\t","protected":false},"excerpt":{"rendered":"<p>Garage automobile \u00e0 Libramont : entretien, r\u00e9paration, carrosserie et m\u00e9canique. LP Auto Service prend soin de votre v\u00e9hicule rapidement. Contactez-nous !<\/p>\n","protected":false},"author":1,"featured_media":0,"parent":0,"menu_order":0,"comment_status":"closed","ping_status":"closed","template":"elementor_canvas","meta":{"footnotes":""},"class_list":["post-7","page","type-page","status-publish","hentry"],"_links":{"self":[{"href":"https:\/\/lpautoservice.be\/index.php\/wp-json\/wp\/v2\/pages\/7","targetHints":{"allow":["GET"]}}],"collection":[{"href":"https:\/\/lpautoservice.be\/index.php\/wp-json\/wp\/v2\/pages"}],"about":[{"href":"https:\/\/lpautoservice.be\/index.php\/wp-json\/wp\/v2\/types\/page"}],"author":[{"embeddable":true,"href":"https:\/\/lpautoservice.be\/index.php\/wp-json\/wp\/v2\/users\/1"}],"replies":[{"embeddable":true,"href":"https:\/\/lpautoservice.be\/index.php\/wp-json\/wp\/v2\/comments?post=7"}],"version-history":[{"count":38,"href":"https:\/\/lpautoservice.be\/index.php\/wp-json\/wp\/v2\/pages\/7\/revisions"}],"predecessor-version":[{"id":60,"href":"https:\/\/lpautoservice.be\/index.php\/wp-json\/wp\/v2\/pages\/7\/revisions\/60"}],"wp:attachment":[{"href":"https:\/\/lpautoservice.be\/index.php\/wp-json\/wp\/v2\/media?parent=7"}],"curies":[{"name":"wp","href":"https:\/\/api.w.org\/{rel}","templated":true}]}}